{"id":84,"date":"2019-07-23T05:33:33","date_gmt":"2019-07-23T05:33:33","guid":{"rendered":"https:\/\/www.brincaresonhar.com.br\/site\/?page_id=84"},"modified":"2023-10-03T14:37:41","modified_gmt":"2023-10-03T14:37:41","slug":"cardapio","status":"publish","type":"page","link":"https:\/\/www.brincaresonhar.com.br\/site\/cardapio\/","title":{"rendered":"Card\u00e1pio"},"content":{"rendered":"<div id=\"pl-84\"  class=\"panel-layout\" ><div id=\"pg-84-0\"  class=\"panel-grid panel-has-style\" ><div class=\"siteorigin-panels-stretch panel-row-style panel-row-style-for-84-0\" style=\"padding: 100px 0; \" data-stretch-type=\"full-stretched\" data-overlay=\"true\" data-overlay-color=\"#000000\" ><div id=\"pgc-84-0-0\"  class=\"panel-grid-cell\" ><div id=\"panel-84-0-0-0\" class=\"so-panel widget widget_sow-hero panel-first-child panel-last-child\" data-index=\"0\" ><div style=\"text-align: left;\" data-title-color=\"#ffffff\" data-headings-color=\"#ffffff\" class=\"panel-widget-style panel-widget-style-for-84-0-0-0\" ><div\n\t\t\t\n\t\t\tclass=\"so-widget-sow-hero so-widget-sow-hero-default-2eeba47f18dc-84\"\n\t\t\t\n\t\t>\t\t\t\t<div class=\"sow-slider-base\" style=\"display: none\" tabindex=\"0\">\n\t\t\t\t\t<ul\n\t\t\t\t\tclass=\"sow-slider-images\"\n\t\t\t\t\tdata-settings=\"{&quot;pagination&quot;:true,&quot;speed&quot;:800,&quot;timeout&quot;:8000,&quot;paused&quot;:false,&quot;pause_on_hover&quot;:false,&quot;swipe&quot;:false,&quot;nav_always_show_desktop&quot;:&quot;&quot;,&quot;nav_always_show_mobile&quot;:&quot;&quot;,&quot;breakpoint&quot;:&quot;780px&quot;,&quot;unmute&quot;:false,&quot;anchor&quot;:null}\"\n\t\t\t\t\t\t\t\t\t\tdata-anchor-id=\"\"\n\t\t\t\t>\t\t<li class=\"sow-slider-image  sow-slider-image-cover\" style=\"visibility: visible;;background-color: #444444\" >\n\t\t\t\t\t<div class=\"sow-slider-image-container\">\n\t\t\t<div class=\"sow-slider-image-wrapper\">\n\t\t\t\t<h1><\/h1>\n<h1 style=\"text-align: center\">O que h\u00e1 de mais gostoso<\/h1>\n<h1 style=\"text-align: center\">para seus convidados.<\/h1>\n\t\t\t<\/div>\n\t\t<\/div>\n\t\t<div class=\"sow-slider-image-overlay sow-slider-image-cover\" style=\"opacity: 0.85;background-image: url(https:\/\/www.brincaresonhar.com.br\/site\/wp-content\/uploads\/2019\/07\/50e9d5434e52b114a6df8579cf35367b133cd6e05a57794b_1920.jpg)\"  ><\/div>\t\t<\/li>\n\t\t<\/ul>\t\t\t\t<ol class=\"sow-slider-pagination\">\n\t\t\t\t\t\t\t\t\t\t\t<li><a href=\"#\" data-goto=\"0\" aria-label=\"Display slide 1\"><\/a><\/li>\n\t\t\t\t\t\t\t\t\t<\/ol>\n\n\t\t\t\t<div class=\"sow-slide-nav sow-slide-nav-next\">\n\t\t\t\t\t<a href=\"#\" data-goto=\"next\" aria-label=\"Next slide\" data-action=\"next\">\n\t\t\t\t\t\t<em class=\"sow-sld-icon-thin-right\"><\/em>\n\t\t\t\t\t<\/a>\n\t\t\t\t<\/div>\n\n\t\t\t\t<div class=\"sow-slide-nav sow-slide-nav-prev\">\n\t\t\t\t\t<a href=\"#\" data-goto=\"previous\" aria-label=\"Previous slide\" data-action=\"prev\">\n\t\t\t\t\t\t<em class=\"sow-sld-icon-thin-left\"><\/em>\n\t\t\t\t\t<\/a>\n\t\t\t\t<\/div>\n\t\t\t\t<\/div><\/div><\/div><\/div><\/div><\/div><\/div><div id=\"pg-84-1\"  class=\"panel-grid panel-has-style\" ><div class=\"siteorigin-panels-stretch panel-row-style panel-row-style-for-84-1\" style=\"padding: 2% 0; \" data-stretch-type=\"full\" data-overlay=\"true\" data-overlay-color=\"#000000\" ><div id=\"pgc-84-1-0\"  class=\"panel-grid-cell\" ><div id=\"panel-84-1-0-0\" class=\"so-panel widget widget_sow-headline panel-first-child\" data-index=\"1\" ><div style=\"text-align: left;\" data-title-color=\"#0066bf\" data-headings-color=\"#0066bf\" class=\"panel-widget-style panel-widget-style-for-84-1-0-0\" ><div\n\t\t\t\n\t\t\tclass=\"so-widget-sow-headline so-widget-sow-headline-default-f6649892076f-84\"\n\t\t\t\n\t\t><div class=\"sow-headline-container \">\n\t\t\t\t\t\t\t<h4 class=\"sow-headline\">\n\t\t\t\t\t\tIncluso em seu Pacote Coquetel\t\t\t\t\t\t<\/h4>\n\t\t\t\t\t\t\t\t\t\t\t<div class=\"decoration\">\n\t\t\t\t\t\t<div class=\"decoration-inside\"><\/div>\n\t\t\t\t\t<\/div>\n\t\t\t\t\t<\/div>\n<\/div><\/div><\/div><div id=\"panel-84-1-0-1\" class=\"so-panel widget widget_sow-features panel-last-child\" data-index=\"2\" ><div style=\"text-align: left;\" data-title-color=\"#0066bf\" data-headings-color=\"#0066bf\" class=\"panel-widget-style panel-widget-style-for-84-1-0-1\" ><div\n\t\t\t\n\t\t\tclass=\"so-widget-sow-features so-widget-sow-features-default-e605dfb3b7c3-84\"\n\t\t\t\n\t\t><ul\n\tclass=\"sow-features-list\n\tsow-features-responsive\">\n\n\t\t\t<li\n\t\t\tclass=\"sow-features-feature sow-icon-container-position-top\"\n\t\t\tstyle=\"display: flex; flex-direction: column; width: calc(50% - 25px);\"\n\t\t>\n\t\t\t\n\t\t\t\t\t\t<div\t\t\t\tclass=\"sow-icon-container sow-container-sticker\"\n\t\t\t\tstyle=\"color: #59d600; \"\n\t\t\t\t\n\t\t\t\t\t\t\t>\n\t\t\t\t<span class=\"sow-icon-fontawesome sow-fas\" data-sow-icon=\"&#xf818;\"\n\t\tstyle=\"font-size: 70px; color: #FFFFFF\" \n\t\taria-hidden=\"true\"><\/span>\t\t\t<\/div>\n\n\t\t\t<div class=\"textwidget\">\n\t\t\t\t\n\t\t\t\t\t\t\t\t\t<h5 class=\"sow-features-feature-title\">\n\t\t\t\t\t\tSalgados (15 op\u00e7\u00f5es inclusas)\t\t\t\t\t<\/h5>\n\t\t\t\t\n\t\t\t\t\t\t\t\t\t<div class=\"sow-features-feature-text\">\n\t\t\t\t\t<p style=\"text-align: center\">\u2022 Coxinha<br \/>\n\u2022 Bolinho de Bacalhau<br \/>\n\u2022 Bolinha de Queijo<br \/>\n\u2022 Croquete de Carne<br \/>\n\u2022 Croquete de Calabresa<br \/>\n\u2022 Kibe<br \/>\n\u2022 Risoles de Carne<br \/>\n\u2022 Risoles de Frango c\/ Catupity<br \/>\n\u2022 Risoles de Palmito<br \/>\n\u2022 Risoles de Pizza<br \/>\n\u2022 Almofadinha de Ab\u00f3bora c\/ Cream Cheese<br \/>\n\u2022 Empadinha de Frango<br \/>\n\u2022 Empadinha de Palmito<br \/>\n\u2022 Espetinho de Frango<br \/>\n\u2022 Quiche<br \/>\n\u2022 Esfiha<br \/>\n\u2022 Bauru<br \/>\n\u2022 Doguinho<br \/>\n\u2022 Trouxinha<br \/>\n\u2022 Pastel<br \/>\n\u2022 P\u00e3o de Queijo<br \/>\n\u2022 P\u00e3o de Batata<br \/>\n\u2022 Folhado de Escarola<\/p>\n\t\t\t\t\t<\/div>\n\t\t\t\t\t\t\t\t<\/div>\n\t\t\t\t\t\t\t\t<\/li>\n\n\t\t\t<li\n\t\t\tclass=\"sow-features-feature sow-icon-container-position-top\"\n\t\t\tstyle=\"display: flex; flex-direction: column; width: calc(50% - 25px);\"\n\t\t>\n\t\t\t\n\t\t\t\t\t\t<div\t\t\t\tclass=\"sow-icon-container sow-container-sticker\"\n\t\t\t\tstyle=\"color: #59d600; \"\n\t\t\t\t\n\t\t\t\t\t\t\t>\n\t\t\t\t<span class=\"sow-icon-fontawesome sow-fas\" data-sow-icon=\"&#xf79f;\"\n\t\tstyle=\"font-size: 70px; color: #FFFFFF\" \n\t\taria-hidden=\"true\"><\/span>\t\t\t<\/div>\n\n\t\t\t<div class=\"textwidget\">\n\t\t\t\t\n\t\t\t\t\t\t\t\t\t<h5 class=\"sow-features-feature-title\">\n\t\t\t\t\t\tBebidas\t\t\t\t\t<\/h5>\n\t\t\t\t\n\t\t\t\t\t\t\t\t\t<div class=\"sow-features-feature-text\">\n\t\t\t\t\t<p style=\"text-align: center\">\u2022 Refrigerante 1\u00aa Linha<br \/>\n\u2022 Sucos 2 Sabores<br \/>\n\u2022 \u00c1gua com e sem G\u00e1s<br \/>\n\u2022 Cocktail Batidas<\/p>\n\t\t\t\t\t<\/div>\n\t\t\t\t\t\t\t\t<\/div>\n\t\t\t\t\t\t\t\t<\/li>\n\n\t<\/ul>\n<\/div><\/div><\/div><\/div><div id=\"pgc-84-1-1\"  class=\"panel-grid-cell\" ><div id=\"panel-84-1-1-0\" class=\"so-panel widget widget_sow-headline panel-first-child\" data-index=\"3\" ><div style=\"text-align: left;\" data-title-color=\"#dd7733\" data-headings-color=\"#dd7733\" class=\"panel-widget-style panel-widget-style-for-84-1-1-0\" ><div\n\t\t\t\n\t\t\tclass=\"so-widget-sow-headline so-widget-sow-headline-default-f6649892076f-84\"\n\t\t\t\n\t\t><div class=\"sow-headline-container \">\n\t\t\t\t\t\t\t<h4 class=\"sow-headline\">\n\t\t\t\t\t\tInclua uma das op\u00e7\u00f5es ao seu Pacote\t\t\t\t\t\t<\/h4>\n\t\t\t\t\t\t\t\t\t\t\t<div class=\"decoration\">\n\t\t\t\t\t\t<div class=\"decoration-inside\"><\/div>\n\t\t\t\t\t<\/div>\n\t\t\t\t\t<\/div>\n<\/div><\/div><\/div><div id=\"panel-84-1-1-1\" class=\"so-panel widget widget_sow-features panel-last-child\" data-index=\"4\" ><div style=\"text-align: left;\" data-title-color=\"#0066bf\" data-headings-color=\"#0066bf\" class=\"panel-widget-style panel-widget-style-for-84-1-1-1\" ><div\n\t\t\t\n\t\t\tclass=\"so-widget-sow-features so-widget-sow-features-default-e605dfb3b7c3-84\"\n\t\t\t\n\t\t><ul\n\tclass=\"sow-features-list\n\tsow-features-responsive\">\n\n\t\t\t<li\n\t\t\tclass=\"sow-features-feature sow-icon-container-position-top\"\n\t\t\tstyle=\"display: flex; flex-direction: column; width: calc(50% - 25px);\"\n\t\t>\n\t\t\t\n\t\t\t\t\t\t<div\t\t\t\tclass=\"sow-icon-container sow-container-sticker\"\n\t\t\t\tstyle=\"color: #dd7733; \"\n\t\t\t\t\n\t\t\t\t\t\t\t>\n\t\t\t\t<span class=\"sow-icon-fontawesome sow-fas\" data-sow-icon=\"&#xf2e7;\"\n\t\tstyle=\"font-size: 70px; color: #FFFFFF\" \n\t\taria-hidden=\"true\"><\/span>\t\t\t<\/div>\n\n\t\t\t<div class=\"textwidget\">\n\t\t\t\t\n\t\t\t\t\t\t\t\t\t<h5 class=\"sow-features-feature-title\">\n\t\t\t\t\t\tPratos Quentes\t\t\t\t\t<\/h5>\n\t\t\t\t\n\t\t\t\t\t\t\t\t\t<div class=\"sow-features-feature-text\">\n\t\t\t\t\t<p style=\"text-align: center\">\u2022 Massas (Rondelis ou Canelone) - Acompanha salada verde e salada mista<br \/>\n\u2022 Strogonoff de Carne - Acompanha arroz, batata palha, salada verde e salada mista<br \/>\n\u2022 Lagarto ao Molho Madeira - Acompanha arroz, batata palha, salada verde e salada mista<\/p>\n\t\t\t\t\t<\/div>\n\t\t\t\t\t\t\t\t<\/div>\n\t\t\t\t\t\t\t\t<\/li>\n\n\t\t\t<li\n\t\t\tclass=\"sow-features-feature sow-icon-container-position-top\"\n\t\t\tstyle=\"display: flex; flex-direction: column; width: calc(50% - 25px);\"\n\t\t>\n\t\t\t\n\t\t\t\t\t\t<div\t\t\t\tclass=\"sow-icon-container sow-container-sticker\"\n\t\t\t\tstyle=\"color: #dd7733; \"\n\t\t\t\t\n\t\t\t\t\t\t\t>\n\t\t\t\t<span class=\"sow-icon-fontawesome sow-fas\" data-sow-icon=\"&#xf562;\"\n\t\tstyle=\"font-size: 70px; color: #FFFFFF\" \n\t\taria-hidden=\"true\"><\/span>\t\t\t<\/div>\n\n\t\t\t<div class=\"textwidget\">\n\t\t\t\t\n\t\t\t\t\t\t\t\t\t<h5 class=\"sow-features-feature-title\">\n\t\t\t\t\t\tFinger Foods\t\t\t\t\t<\/h5>\n\t\t\t\t\n\t\t\t\t\t\t\t\t\t<div class=\"sow-features-feature-text\">\n\t\t\t\t\t<p>\u2022 Caldo de Feij\u00e3o<br \/>\n\u2022 Fricass\u00ea de Frango<br \/>\n\u2022 Escondidinho Carne e Legumes<br \/>\n\u2022 Arroz Carreteiro e Primavera<br \/>\n\u2022 Polenta com Molho<br \/>\n\u2022 Polenta com Molho<br \/>\n\u2022 Mini Pizza<br \/>\n\u2022 Cachorro Quente<br \/>\n\u2022 Lanche de Carne Desfiada<\/p>\n\t\t\t\t\t<\/div>\n\t\t\t\t\t\t\t\t<\/div>\n\t\t\t\t\t\t\t\t<\/li>\n\n\t<\/ul>\n<\/div><\/div><\/div><\/div><\/div><\/div><div id=\"pg-84-2\"  class=\"panel-grid panel-has-style\" ><div style=\"padding: 5px 0; \" data-overlay=\"true\" data-overlay-color=\"#000000\" class=\"panel-row-style panel-row-style-for-84-2\" ><div id=\"pgc-84-2-0\"  class=\"panel-grid-cell\" ><div id=\"panel-84-2-0-0\" class=\"so-panel widget widget_sow-headline panel-first-child panel-last-child\" data-index=\"5\" ><div style=\"text-align: left;\" data-title-color=\"#0066bf\" data-headings-color=\"#0066bf\" class=\"panel-widget-style panel-widget-style-for-84-2-0-0\" ><div\n\t\t\t\n\t\t\tclass=\"so-widget-sow-headline so-widget-sow-headline-default-98dc6fff397f-84\"\n\t\t\t\n\t\t><div class=\"sow-headline-container \">\n\t\t\t\t\t\t\t<h3 class=\"sow-headline\">\n\t\t\t\t\t\tSolicite Or\u00e7amento\t\t\t\t\t\t<\/h3>\n\t\t\t\t\t\t\t\t\t\t\t<div class=\"decoration\">\n\t\t\t\t\t\t<div class=\"decoration-inside\"><\/div>\n\t\t\t\t\t<\/div>\n\t\t\t\t\t<\/div>\n<\/div><\/div><\/div><\/div><\/div><\/div><div id=\"pg-84-3\"  class=\"panel-grid panel-has-style\" ><div class=\"siteorigin-panels-stretch panel-row-style panel-row-style-for-84-3\" style=\"background-image: url(https:\/\/www.brincaresonhar.com.br\/site\/wp-content\/uploads\/2019\/07\/fundo-nuvens-1024x1024.jpg);padding: 10px 0; \" data-stretch-type=\"full\" data-hasbg=\"hasbg\" data-overlay-color=\"#c1f1ff\" ><div id=\"pgc-84-3-0\"  class=\"panel-grid-cell\" ><div id=\"panel-84-3-0-0\" class=\"so-panel widget widget_media_image panel-first-child panel-last-child\" data-index=\"6\" ><div style=\"text-align: center;\" data-title-color=\"#443f3f\" data-headings-color=\"#443f3f\" class=\"panel-widget-style panel-widget-style-for-84-3-0-0\" ><img loading=\"lazy\" decoding=\"async\" width=\"161\" height=\"230\" src=\"https:\/\/www.brincaresonhar.com.br\/site\/wp-content\/uploads\/2019\/07\/jacare-nuvem-210x300.png\" class=\"image wp-image-237  attachment-161x230 size-161x230\" alt=\"card\u00e1pio-brincaresonhar\" style=\"max-width: 100%; height: auto;\" srcset=\"https:\/\/www.brincaresonhar.com.br\/site\/wp-content\/uploads\/2019\/07\/jacare-nuvem-210x300.png 210w, https:\/\/www.brincaresonhar.com.br\/site\/wp-content\/uploads\/2019\/07\/jacare-nuvem-230x329.png 230w, https:\/\/www.brincaresonhar.com.br\/site\/wp-content\/uploads\/2019\/07\/jacare-nuvem-350x500.png 350w, https:\/\/www.brincaresonhar.com.br\/site\/wp-content\/uploads\/2019\/07\/jacare-nuvem-480x686.png 480w, https:\/\/www.brincaresonhar.com.br\/site\/wp-content\/uploads\/2019\/07\/jacare-nuvem.png 490w\" sizes=\"auto, (max-width: 161px) 100vw, 161px\" \/><\/div><\/div><\/div><div id=\"pgc-84-3-1\"  class=\"panel-grid-cell\" ><div id=\"panel-84-3-1-0\" class=\"so-panel widget widget_sow-button panel-first-child panel-last-child\" data-index=\"7\" ><div style=\"text-align: left;\" data-title-color=\"#443f3f\" data-headings-color=\"#443f3f\" class=\"panel-widget-style panel-widget-style-for-84-3-1-0\" ><div\n\t\t\t\n\t\t\tclass=\"so-widget-sow-button so-widget-sow-button-flat-c9b4d428ba46-84\"\n\t\t\t\n\t\t><div class=\"ow-button-base ow-button-align-center\"\n>\n\t\t\t<a\n\t\t\t\t\thref=\"https:\/\/www.brincaresonhar.com.br\/site\/orcamento\/\"\n\t\t\t\t\tclass=\"sowb-button ow-icon-placement-left ow-button-hover\" \t>\n\t\t<span>\n\t\t\t\n\t\t\tPor Email\t\t<\/span>\n\t\t\t<\/a>\n\t<\/div>\n<\/div><\/div><\/div><\/div><div id=\"pgc-84-3-2\"  class=\"panel-grid-cell\" ><div id=\"panel-84-3-2-0\" class=\"so-panel widget widget_sow-button panel-first-child panel-last-child\" data-index=\"8\" ><div style=\"text-align: left;\" data-title-color=\"#443f3f\" data-headings-color=\"#443f3f\" class=\"panel-widget-style panel-widget-style-for-84-3-2-0\" ><div\n\t\t\t\n\t\t\tclass=\"so-widget-sow-button so-widget-sow-button-flat-60494fb8993a-84\"\n\t\t\t\n\t\t><div class=\"ow-button-base ow-button-align-center\"\n>\n\t\t\t<a\n\t\t\t\t\thref=\"http:\/\/api.whatsapp.com\/send?1=pt_BR&#038;phone=5511971335667&#038;text=Ol\u00e1!%20Tenho%20interesse%20em%20falar%20sobre%20minha%20pr\u00f3xima%20festa!\"\n\t\t\t\t\tclass=\"sowb-button ow-icon-placement-left ow-button-hover\" target=\"_blank\" rel=\"noopener noreferrer\" \t>\n\t\t<span>\n\t\t\t\n\t\t\tPor Whatsapp\t\t<\/span>\n\t\t\t<\/a>\n\t<\/div>\n<\/div><\/div><\/div><\/div><div id=\"pgc-84-3-3\"  class=\"panel-grid-cell\" ><div id=\"panel-84-3-3-0\" class=\"so-panel widget widget_media_image panel-first-child panel-last-child\" data-index=\"9\" ><div style=\"text-align: center;\" data-title-color=\"#443f3f\" data-headings-color=\"#443f3f\" class=\"panel-widget-style panel-widget-style-for-84-3-3-0\" ><img loading=\"lazy\" decoding=\"async\" width=\"252\" height=\"200\" src=\"https:\/\/www.brincaresonhar.com.br\/site\/wp-content\/uploads\/2019\/07\/passaro.png\" class=\"image wp-image-223  attachment-252x200 size-252x200\" alt=\"\" style=\"max-width: 100%; height: auto;\" srcset=\"https:\/\/www.brincaresonhar.com.br\/site\/wp-content\/uploads\/2019\/07\/passaro.png 270w, https:\/\/www.brincaresonhar.com.br\/site\/wp-content\/uploads\/2019\/07\/passaro-230x182.png 230w\" sizes=\"auto, (max-width: 252px) 100vw, 252px\" \/><\/div><\/div><\/div><\/div><\/div><\/div>","protected":false},"excerpt":{"rendered":"<p>O que h\u00e1 de mais gostoso para seus convidados. Incluso em seu Pacote Coquetel Salgados (15 op\u00e7\u00f5es inclusas) \u2022 Coxinha \u2022 Bolinho de Bacalhau \u2022 Bolinha de Queijo \u2022 Croquete de Carne \u2022 Croquete de Calabresa \u2022 Kibe \u2022 Risoles de Carne \u2022 Risoles de Frango c\/ Catupity \u2022 Risoles de Palmito \u2022 Risoles de [&hellip;]<\/p>\n","protected":false},"author":1,"featured_media":0,"parent":0,"menu_order":0,"comment_status":"closed","ping_status":"closed","template":"page-templates\/page_fullwidth.php","meta":{"footnotes":""},"class_list":["post-84","page","type-page","status-publish","hentry"],"yoast_head":"<!-- This site is optimized with the Yoast SEO plugin v26.5 - https:\/\/yoast.com\/wordpress\/plugins\/seo\/ -->\n<title>Card\u00e1pio - Brincar e Sonhar<\/title>\n<meta name=\"robots\" content=\"index, follow, max-snippet:-1, max-image-preview:large, max-video-preview:-1\" \/>\n<link rel=\"canonical\" href=\"https:\/\/www.brincaresonhar.com.br\/site\/cardapio\/\" \/>\n<meta property=\"og:locale\" content=\"pt_PT\" \/>\n<meta property=\"og:type\" content=\"article\" \/>\n<meta property=\"og:title\" content=\"Card\u00e1pio - Brincar e Sonhar\" \/>\n<meta property=\"og:description\" content=\"O que h\u00e1 de mais gostoso para seus convidados. Incluso em seu Pacote Coquetel Salgados (15 op\u00e7\u00f5es inclusas) \u2022 Coxinha \u2022 Bolinho de Bacalhau \u2022 Bolinha de Queijo \u2022 Croquete de Carne \u2022 Croquete de Calabresa \u2022 Kibe \u2022 Risoles de Carne \u2022 Risoles de Frango c\/ Catupity \u2022 Risoles de Palmito \u2022 Risoles de [&hellip;]\" \/>\n<meta property=\"og:url\" content=\"https:\/\/www.brincaresonhar.com.br\/site\/cardapio\/\" \/>\n<meta property=\"og:site_name\" content=\"Brincar e Sonhar\" \/>\n<meta property=\"article:publisher\" content=\"https:\/\/www.facebook.com\/brincarsonharpark\/\" \/>\n<meta property=\"article:modified_time\" content=\"2023-10-03T14:37:41+00:00\" \/>\n<meta name=\"twitter:card\" content=\"summary_large_image\" \/>\n<meta name=\"twitter:label1\" content=\"Tempo estimado de leitura\" \/>\n\t<meta name=\"twitter:data1\" content=\"2 minutos\" \/>\n<script type=\"application\/ld+json\" class=\"yoast-schema-graph\">{\"@context\":\"https:\/\/schema.org\",\"@graph\":[{\"@type\":\"WebPage\",\"@id\":\"https:\/\/www.brincaresonhar.com.br\/site\/cardapio\/\",\"url\":\"https:\/\/www.brincaresonhar.com.br\/site\/cardapio\/\",\"name\":\"Card\u00e1pio - Brincar e Sonhar\",\"isPartOf\":{\"@id\":\"https:\/\/www.brincaresonhar.com.br\/site\/#website\"},\"datePublished\":\"2019-07-23T05:33:33+00:00\",\"dateModified\":\"2023-10-03T14:37:41+00:00\",\"breadcrumb\":{\"@id\":\"https:\/\/www.brincaresonhar.com.br\/site\/cardapio\/#breadcrumb\"},\"inLanguage\":\"pt-PT\",\"potentialAction\":[{\"@type\":\"ReadAction\",\"target\":[\"https:\/\/www.brincaresonhar.com.br\/site\/cardapio\/\"]}]},{\"@type\":\"BreadcrumbList\",\"@id\":\"https:\/\/www.brincaresonhar.com.br\/site\/cardapio\/#breadcrumb\",\"itemListElement\":[{\"@type\":\"ListItem\",\"position\":1,\"name\":\"Home\",\"item\":\"https:\/\/www.brincaresonhar.com.br\/site\/\"},{\"@type\":\"ListItem\",\"position\":2,\"name\":\"Card\u00e1pio\"}]},{\"@type\":\"WebSite\",\"@id\":\"https:\/\/www.brincaresonhar.com.br\/site\/#website\",\"url\":\"https:\/\/www.brincaresonhar.com.br\/site\/\",\"name\":\"Brincar e Sonhar\",\"description\":\"\",\"publisher\":{\"@id\":\"https:\/\/www.brincaresonhar.com.br\/site\/#organization\"},\"potentialAction\":[{\"@type\":\"SearchAction\",\"target\":{\"@type\":\"EntryPoint\",\"urlTemplate\":\"https:\/\/www.brincaresonhar.com.br\/site\/?s={search_term_string}\"},\"query-input\":{\"@type\":\"PropertyValueSpecification\",\"valueRequired\":true,\"valueName\":\"search_term_string\"}}],\"inLanguage\":\"pt-PT\"},{\"@type\":\"Organization\",\"@id\":\"https:\/\/www.brincaresonhar.com.br\/site\/#organization\",\"name\":\"Brincar e Sonhar\",\"url\":\"https:\/\/www.brincaresonhar.com.br\/site\/\",\"logo\":{\"@type\":\"ImageObject\",\"inLanguage\":\"pt-PT\",\"@id\":\"https:\/\/www.brincaresonhar.com.br\/site\/#\/schema\/logo\/image\/\",\"url\":\"https:\/\/www.brincaresonhar.com.br\/site\/wp-content\/uploads\/2019\/07\/logo-brincar-vetor_site.jpg\",\"contentUrl\":\"https:\/\/www.brincaresonhar.com.br\/site\/wp-content\/uploads\/2019\/07\/logo-brincar-vetor_site.jpg\",\"width\":595,\"height\":425,\"caption\":\"Brincar e Sonhar\"},\"image\":{\"@id\":\"https:\/\/www.brincaresonhar.com.br\/site\/#\/schema\/logo\/image\/\"},\"sameAs\":[\"https:\/\/www.facebook.com\/brincarsonharpark\/\",\"https:\/\/www.instagram.com\/brincaresonharpark\/\"]}]}<\/script>\n<!-- \/ Yoast SEO plugin. -->","yoast_head_json":{"title":"Card\u00e1pio - Brincar e Sonhar","robots":{"index":"index","follow":"follow","max-snippet":"max-snippet:-1","max-image-preview":"max-image-preview:large","max-video-preview":"max-video-preview:-1"},"canonical":"https:\/\/www.brincaresonhar.com.br\/site\/cardapio\/","og_locale":"pt_PT","og_type":"article","og_title":"Card\u00e1pio - Brincar e Sonhar","og_description":"O que h\u00e1 de mais gostoso para seus convidados. Incluso em seu Pacote Coquetel Salgados (15 op\u00e7\u00f5es inclusas) \u2022 Coxinha \u2022 Bolinho de Bacalhau \u2022 Bolinha de Queijo \u2022 Croquete de Carne \u2022 Croquete de Calabresa \u2022 Kibe \u2022 Risoles de Carne \u2022 Risoles de Frango c\/ Catupity \u2022 Risoles de Palmito \u2022 Risoles de [&hellip;]","og_url":"https:\/\/www.brincaresonhar.com.br\/site\/cardapio\/","og_site_name":"Brincar e Sonhar","article_publisher":"https:\/\/www.facebook.com\/brincarsonharpark\/","article_modified_time":"2023-10-03T14:37:41+00:00","twitter_card":"summary_large_image","twitter_misc":{"Tempo estimado de leitura":"2 minutos"},"schema":{"@context":"https:\/\/schema.org","@graph":[{"@type":"WebPage","@id":"https:\/\/www.brincaresonhar.com.br\/site\/cardapio\/","url":"https:\/\/www.brincaresonhar.com.br\/site\/cardapio\/","name":"Card\u00e1pio - Brincar e Sonhar","isPartOf":{"@id":"https:\/\/www.brincaresonhar.com.br\/site\/#website"},"datePublished":"2019-07-23T05:33:33+00:00","dateModified":"2023-10-03T14:37:41+00:00","breadcrumb":{"@id":"https:\/\/www.brincaresonhar.com.br\/site\/cardapio\/#breadcrumb"},"inLanguage":"pt-PT","potentialAction":[{"@type":"ReadAction","target":["https:\/\/www.brincaresonhar.com.br\/site\/cardapio\/"]}]},{"@type":"BreadcrumbList","@id":"https:\/\/www.brincaresonhar.com.br\/site\/cardapio\/#breadcrumb","itemListElement":[{"@type":"ListItem","position":1,"name":"Home","item":"https:\/\/www.brincaresonhar.com.br\/site\/"},{"@type":"ListItem","position":2,"name":"Card\u00e1pio"}]},{"@type":"WebSite","@id":"https:\/\/www.brincaresonhar.com.br\/site\/#website","url":"https:\/\/www.brincaresonhar.com.br\/site\/","name":"Brincar e Sonhar","description":"","publisher":{"@id":"https:\/\/www.brincaresonhar.com.br\/site\/#organization"},"potentialAction":[{"@type":"SearchAction","target":{"@type":"EntryPoint","urlTemplate":"https:\/\/www.brincaresonhar.com.br\/site\/?s={search_term_string}"},"query-input":{"@type":"PropertyValueSpecification","valueRequired":true,"valueName":"search_term_string"}}],"inLanguage":"pt-PT"},{"@type":"Organization","@id":"https:\/\/www.brincaresonhar.com.br\/site\/#organization","name":"Brincar e Sonhar","url":"https:\/\/www.brincaresonhar.com.br\/site\/","logo":{"@type":"ImageObject","inLanguage":"pt-PT","@id":"https:\/\/www.brincaresonhar.com.br\/site\/#\/schema\/logo\/image\/","url":"https:\/\/www.brincaresonhar.com.br\/site\/wp-content\/uploads\/2019\/07\/logo-brincar-vetor_site.jpg","contentUrl":"https:\/\/www.brincaresonhar.com.br\/site\/wp-content\/uploads\/2019\/07\/logo-brincar-vetor_site.jpg","width":595,"height":425,"caption":"Brincar e Sonhar"},"image":{"@id":"https:\/\/www.brincaresonhar.com.br\/site\/#\/schema\/logo\/image\/"},"sameAs":["https:\/\/www.facebook.com\/brincarsonharpark\/","https:\/\/www.instagram.com\/brincaresonharpark\/"]}]}},"_links":{"self":[{"href":"https:\/\/www.brincaresonhar.com.br\/site\/wp-json\/wp\/v2\/pages\/84","targetHints":{"allow":["GET"]}}],"collection":[{"href":"https:\/\/www.brincaresonhar.com.br\/site\/wp-json\/wp\/v2\/pages"}],"about":[{"href":"https:\/\/www.brincaresonhar.com.br\/site\/wp-json\/wp\/v2\/types\/page"}],"author":[{"embeddable":true,"href":"https:\/\/www.brincaresonhar.com.br\/site\/wp-json\/wp\/v2\/users\/1"}],"replies":[{"embeddable":true,"href":"https:\/\/www.brincaresonhar.com.br\/site\/wp-json\/wp\/v2\/comments?post=84"}],"version-history":[{"count":11,"href":"https:\/\/www.brincaresonhar.com.br\/site\/wp-json\/wp\/v2\/pages\/84\/revisions"}],"predecessor-version":[{"id":352,"href":"https:\/\/www.brincaresonhar.com.br\/site\/wp-json\/wp\/v2\/pages\/84\/revisions\/352"}],"wp:attachment":[{"href":"https:\/\/www.brincaresonhar.com.br\/site\/wp-json\/wp\/v2\/media?parent=84"}],"curies":[{"name":"wp","href":"https:\/\/api.w.org\/{rel}","templated":true}]}}