{"id":149,"date":"2019-07-23T14:27:27","date_gmt":"2019-07-23T14:27:27","guid":{"rendered":"https:\/\/www.brincaresonhar.com.br\/site\/?page_id=149"},"modified":"2019-07-29T15:13:41","modified_gmt":"2019-07-29T15:13:41","slug":"orcamento","status":"publish","type":"page","link":"https:\/\/www.brincaresonhar.com.br\/site\/orcamento\/","title":{"rendered":"Or\u00e7amento"},"content":{"rendered":"<div id=\"pl-149\"  class=\"panel-layout\" ><div id=\"pg-149-0\"  class=\"panel-grid panel-has-style\" ><div class=\"siteorigin-panels-stretch panel-row-style panel-row-style-for-149-0\" style=\"padding: 20px 0; \" data-stretch-type=\"full\" data-overlay=\"true\" data-overlay-color=\"#000000\" ><div id=\"pgc-149-0-0\"  class=\"panel-grid-cell\" ><div id=\"panel-149-0-0-0\" class=\"so-panel widget widget_sow-headline panel-first-child panel-last-child\" data-index=\"0\" ><div style=\"text-align: left;\" data-title-color=\"#443f3f\" data-headings-color=\"#443f3f\" class=\"panel-widget-style panel-widget-style-for-149-0-0-0\" ><div\n\t\t\t\n\t\t\tclass=\"so-widget-sow-headline so-widget-sow-headline-default-114f96c2638e-149\"\n\t\t\t\n\t\t><div class=\"sow-headline-container \">\n\t\t\t\t\t\t\t<h1 class=\"sow-headline\">\n\t\t\t\t\t\tFalta pouco para seu grande dia!\t\t\t\t\t\t<\/h1>\n\t\t\t\t\t\t\t\t\t\t\t\t<h2 class=\"sow-sub-headline\">\n\t\t\t\t\t\tPreencha o formul\u00e1rio abaixo que entraremos em contato.\t\t\t\t\t\t<\/h2>\n\t\t\t\t\t\t<\/div>\n<\/div><\/div><\/div><\/div><\/div><\/div><div id=\"pg-149-1\"  class=\"panel-grid panel-has-style\" ><div class=\"siteorigin-panels-stretch panel-row-style panel-row-style-for-149-1\" style=\"background-image: url(https:\/\/www.brincaresonhar.com.br\/site\/wp-content\/uploads\/2019\/07\/fundo-nuvens-1024x1024.jpg);padding: 10px 0; \" data-stretch-type=\"full\" data-hasbg=\"hasbg\" data-overlay-color=\"#c1f1ff\" ><div id=\"pgc-149-1-0\"  class=\"panel-grid-cell panel-grid-cell-empty\" ><\/div><div id=\"pgc-149-1-1\"  class=\"panel-grid-cell\" ><div id=\"panel-149-1-1-0\" class=\"so-panel widget widget_sow-editor panel-first-child panel-last-child\" data-index=\"1\" ><div style=\"text-align: left;\" data-title-color=\"#443f3f\" data-headings-color=\"#443f3f\" class=\"panel-widget-style panel-widget-style-for-149-1-1-0\" ><div\n\t\t\t\n\t\t\tclass=\"so-widget-sow-editor so-widget-sow-editor-base\"\n\t\t\t\n\t\t>\n<div class=\"siteorigin-widget-tinymce textwidget\">\n\t<p style=\"text-align: center;\">\n<div class=\"wpcf7 no-js\" id=\"wpcf7-f152-o1\" lang=\"en-US\" dir=\"ltr\" data-wpcf7-id=\"152\">\n<div class=\"screen-reader-response\"><p role=\"status\" aria-live=\"polite\" aria-atomic=\"true\"><\/p> <ul><\/ul><\/div>\n<form action=\"\/site\/wp-json\/wp\/v2\/pages\/149#wpcf7-f152-o1\" method=\"post\" class=\"wpcf7-form init\" aria-label=\"Contact form\" novalidate=\"novalidate\" data-status=\"init\">\n<fieldset class=\"hidden-fields-container\"><input type=\"hidden\" name=\"_wpcf7\" value=\"152\" \/><input type=\"hidden\" name=\"_wpcf7_version\" value=\"6.1.4\" \/><input type=\"hidden\" name=\"_wpcf7_locale\" value=\"en_US\" \/><input type=\"hidden\" name=\"_wpcf7_unit_tag\" value=\"wpcf7-f152-o1\" \/><input type=\"hidden\" name=\"_wpcf7_container_post\" value=\"0\" \/><input type=\"hidden\" name=\"_wpcf7_posted_data_hash\" value=\"\" \/>\n<\/fieldset>\n<p><label> Nome*<br \/>\n<span class=\"wpcf7-form-control-wrap\" data-name=\"your-name\"><input size=\"40\" maxlength=\"400\" class=\"wpcf7-form-control wpcf7-text wpcf7-validates-as-required\" aria-required=\"true\" aria-invalid=\"false\" value=\"\" type=\"text\" name=\"your-name\" \/><\/span> <\/label>\n<\/p>\n<p><label> Email*<br \/>\n<span class=\"wpcf7-form-control-wrap\" data-name=\"your-email\"><input size=\"40\" maxlength=\"400\" class=\"wpcf7-form-control wpcf7-email wpcf7-validates-as-required wpcf7-text wpcf7-validates-as-email\" aria-required=\"true\" aria-invalid=\"false\" value=\"\" type=\"email\" name=\"your-email\" \/><\/span> <\/label>\n<\/p>\n<p><label> Celular*<br \/>\n<span class=\"wpcf7-form-control-wrap\" data-name=\"Telefone\"><input size=\"40\" maxlength=\"400\" class=\"wpcf7-form-control wpcf7-tel wpcf7-validates-as-required wpcf7-text wpcf7-validates-as-tel\" aria-required=\"true\" aria-invalid=\"false\" value=\"\" type=\"tel\" name=\"Telefone\" \/><\/span><\/label>\n<\/p>\n<p><label> Data do Evento*<br \/>\n<span class=\"wpcf7-form-control-wrap\" data-name=\"Evento\"><input class=\"wpcf7-form-control wpcf7-date wpcf7-validates-as-required wpcf7-validates-as-date\" aria-required=\"true\" aria-invalid=\"false\" value=\"\" type=\"date\" name=\"Evento\" \/><\/span><\/label>\n<\/p>\n<p><label> Como nos conheceu?*<br \/>\n<span class=\"wpcf7-form-control-wrap\" data-name=\"menu-955\"><select class=\"wpcf7-form-control wpcf7-select wpcf7-validates-as-required\" aria-required=\"true\" aria-invalid=\"false\" name=\"menu-955\"><option value=\"Indica\u00e7\u00e3o\">Indica\u00e7\u00e3o<\/option><option value=\"Site\">Site<\/option><option value=\"Redes Sociais\">Redes Sociais<\/option><option value=\"Workshop\">Workshop<\/option><option value=\"Veio a alguma festa\">Veio a alguma festa<\/option><\/select><\/span><\/label>\n<\/p>\n<p><label> Assunto<br \/>\n<span class=\"wpcf7-form-control-wrap\" data-name=\"your-subject\"><input size=\"40\" maxlength=\"400\" class=\"wpcf7-form-control wpcf7-text\" aria-invalid=\"false\" value=\"\" type=\"text\" name=\"your-subject\" \/><\/span> <\/label>\n<\/p>\n<p><label> Sua mensagem<br \/>\n<span class=\"wpcf7-form-control-wrap\" data-name=\"your-message\"><textarea cols=\"40\" rows=\"10\" maxlength=\"2000\" class=\"wpcf7-form-control wpcf7-textarea\" aria-invalid=\"false\" name=\"your-message\"><\/textarea><\/span> <\/label>\n<\/p>\n<p><input class=\"wpcf7-form-control wpcf7-submit has-spinner\" type=\"submit\" value=\"Enviar\" \/>\n<\/p><div class=\"wpcf7-response-output\" aria-hidden=\"true\"><\/div>\n<\/form>\n<\/div>\n<\/p>\n<\/div>\n<\/div><\/div><\/div><\/div><div id=\"pgc-149-1-2\"  class=\"panel-grid-cell\" ><div id=\"panel-149-1-2-0\" class=\"so-panel widget widget_media_image panel-first-child panel-last-child\" data-index=\"2\" ><div style=\"text-align: left;\" data-title-color=\"#443f3f\" data-headings-color=\"#443f3f\" class=\"panel-widget-style panel-widget-style-for-149-1-2-0\" ><img loading=\"lazy\" decoding=\"async\" width=\"270\" height=\"214\" src=\"https:\/\/www.brincaresonhar.com.br\/site\/wp-content\/uploads\/2019\/07\/passaro.png\" class=\"image wp-image-223  attachment-full size-full\" alt=\"\" style=\"max-width: 100%; height: auto;\" srcset=\"https:\/\/www.brincaresonhar.com.br\/site\/wp-content\/uploads\/2019\/07\/passaro.png 270w, https:\/\/www.brincaresonhar.com.br\/site\/wp-content\/uploads\/2019\/07\/passaro-230x182.png 230w\" sizes=\"auto, (max-width: 270px) 100vw, 270px\" \/><\/div><\/div><\/div><\/div><\/div><\/div>","protected":false},"excerpt":{"rendered":"<p>Falta pouco para seu grande dia! Preencha o formul\u00e1rio abaixo que entraremos em contato. Nome* Email* Celular* Data do Evento* Como nos conheceu?* Indica\u00e7\u00e3oSiteRedes SociaisWorkshopVeio a alguma festa Assunto Sua mensagem<\/p>\n","protected":false},"author":1,"featured_media":0,"parent":0,"menu_order":0,"comment_status":"closed","ping_status":"closed","template":"page-templates\/page_fullwidth.php","meta":{"footnotes":""},"class_list":["post-149","page","type-page","status-publish","hentry"],"yoast_head":"<!-- This site is optimized with the Yoast SEO plugin v26.5 - https:\/\/yoast.com\/wordpress\/plugins\/seo\/ -->\n<title>Or\u00e7amento - Brincar e Sonhar<\/title>\n<meta name=\"robots\" content=\"index, follow, max-snippet:-1, max-image-preview:large, max-video-preview:-1\" \/>\n<link rel=\"canonical\" href=\"https:\/\/www.brincaresonhar.com.br\/site\/orcamento\/\" \/>\n<meta property=\"og:locale\" content=\"pt_PT\" \/>\n<meta property=\"og:type\" content=\"article\" \/>\n<meta property=\"og:title\" content=\"Or\u00e7amento - Brincar e Sonhar\" \/>\n<meta property=\"og:description\" content=\"Falta pouco para seu grande dia! Preencha o formul\u00e1rio abaixo que entraremos em contato. Nome* Email* Celular* Data do Evento* Como nos conheceu?* Indica\u00e7\u00e3oSiteRedes SociaisWorkshopVeio a alguma festa Assunto Sua mensagem\" \/>\n<meta property=\"og:url\" content=\"https:\/\/www.brincaresonhar.com.br\/site\/orcamento\/\" \/>\n<meta property=\"og:site_name\" content=\"Brincar e Sonhar\" \/>\n<meta property=\"article:publisher\" content=\"https:\/\/www.facebook.com\/brincarsonharpark\/\" \/>\n<meta property=\"article:modified_time\" content=\"2019-07-29T15:13:41+00:00\" \/>\n<meta name=\"twitter:card\" content=\"summary_large_image\" \/>\n<script type=\"application\/ld+json\" class=\"yoast-schema-graph\">{\"@context\":\"https:\/\/schema.org\",\"@graph\":[{\"@type\":\"WebPage\",\"@id\":\"https:\/\/www.brincaresonhar.com.br\/site\/orcamento\/\",\"url\":\"https:\/\/www.brincaresonhar.com.br\/site\/orcamento\/\",\"name\":\"Or\u00e7amento - Brincar e Sonhar\",\"isPartOf\":{\"@id\":\"https:\/\/www.brincaresonhar.com.br\/site\/#website\"},\"datePublished\":\"2019-07-23T14:27:27+00:00\",\"dateModified\":\"2019-07-29T15:13:41+00:00\",\"breadcrumb\":{\"@id\":\"https:\/\/www.brincaresonhar.com.br\/site\/orcamento\/#breadcrumb\"},\"inLanguage\":\"pt-PT\",\"potentialAction\":[{\"@type\":\"ReadAction\",\"target\":[\"https:\/\/www.brincaresonhar.com.br\/site\/orcamento\/\"]}]},{\"@type\":\"BreadcrumbList\",\"@id\":\"https:\/\/www.brincaresonhar.com.br\/site\/orcamento\/#breadcrumb\",\"itemListElement\":[{\"@type\":\"ListItem\",\"position\":1,\"name\":\"Home\",\"item\":\"https:\/\/www.brincaresonhar.com.br\/site\/\"},{\"@type\":\"ListItem\",\"position\":2,\"name\":\"Or\u00e7amento\"}]},{\"@type\":\"WebSite\",\"@id\":\"https:\/\/www.brincaresonhar.com.br\/site\/#website\",\"url\":\"https:\/\/www.brincaresonhar.com.br\/site\/\",\"name\":\"Brincar e Sonhar\",\"description\":\"\",\"publisher\":{\"@id\":\"https:\/\/www.brincaresonhar.com.br\/site\/#organization\"},\"potentialAction\":[{\"@type\":\"SearchAction\",\"target\":{\"@type\":\"EntryPoint\",\"urlTemplate\":\"https:\/\/www.brincaresonhar.com.br\/site\/?s={search_term_string}\"},\"query-input\":{\"@type\":\"PropertyValueSpecification\",\"valueRequired\":true,\"valueName\":\"search_term_string\"}}],\"inLanguage\":\"pt-PT\"},{\"@type\":\"Organization\",\"@id\":\"https:\/\/www.brincaresonhar.com.br\/site\/#organization\",\"name\":\"Brincar e Sonhar\",\"url\":\"https:\/\/www.brincaresonhar.com.br\/site\/\",\"logo\":{\"@type\":\"ImageObject\",\"inLanguage\":\"pt-PT\",\"@id\":\"https:\/\/www.brincaresonhar.com.br\/site\/#\/schema\/logo\/image\/\",\"url\":\"https:\/\/www.brincaresonhar.com.br\/site\/wp-content\/uploads\/2019\/07\/logo-brincar-vetor_site.jpg\",\"contentUrl\":\"https:\/\/www.brincaresonhar.com.br\/site\/wp-content\/uploads\/2019\/07\/logo-brincar-vetor_site.jpg\",\"width\":595,\"height\":425,\"caption\":\"Brincar e Sonhar\"},\"image\":{\"@id\":\"https:\/\/www.brincaresonhar.com.br\/site\/#\/schema\/logo\/image\/\"},\"sameAs\":[\"https:\/\/www.facebook.com\/brincarsonharpark\/\",\"https:\/\/www.instagram.com\/brincaresonharpark\/\"]}]}<\/script>\n<!-- \/ Yoast SEO plugin. -->","yoast_head_json":{"title":"Or\u00e7amento - Brincar e Sonhar","robots":{"index":"index","follow":"follow","max-snippet":"max-snippet:-1","max-image-preview":"max-image-preview:large","max-video-preview":"max-video-preview:-1"},"canonical":"https:\/\/www.brincaresonhar.com.br\/site\/orcamento\/","og_locale":"pt_PT","og_type":"article","og_title":"Or\u00e7amento - Brincar e Sonhar","og_description":"Falta pouco para seu grande dia! Preencha o formul\u00e1rio abaixo que entraremos em contato. Nome* Email* Celular* Data do Evento* Como nos conheceu?* Indica\u00e7\u00e3oSiteRedes SociaisWorkshopVeio a alguma festa Assunto Sua mensagem","og_url":"https:\/\/www.brincaresonhar.com.br\/site\/orcamento\/","og_site_name":"Brincar e Sonhar","article_publisher":"https:\/\/www.facebook.com\/brincarsonharpark\/","article_modified_time":"2019-07-29T15:13:41+00:00","twitter_card":"summary_large_image","schema":{"@context":"https:\/\/schema.org","@graph":[{"@type":"WebPage","@id":"https:\/\/www.brincaresonhar.com.br\/site\/orcamento\/","url":"https:\/\/www.brincaresonhar.com.br\/site\/orcamento\/","name":"Or\u00e7amento - Brincar e Sonhar","isPartOf":{"@id":"https:\/\/www.brincaresonhar.com.br\/site\/#website"},"datePublished":"2019-07-23T14:27:27+00:00","dateModified":"2019-07-29T15:13:41+00:00","breadcrumb":{"@id":"https:\/\/www.brincaresonhar.com.br\/site\/orcamento\/#breadcrumb"},"inLanguage":"pt-PT","potentialAction":[{"@type":"ReadAction","target":["https:\/\/www.brincaresonhar.com.br\/site\/orcamento\/"]}]},{"@type":"BreadcrumbList","@id":"https:\/\/www.brincaresonhar.com.br\/site\/orcamento\/#breadcrumb","itemListElement":[{"@type":"ListItem","position":1,"name":"Home","item":"https:\/\/www.brincaresonhar.com.br\/site\/"},{"@type":"ListItem","position":2,"name":"Or\u00e7amento"}]},{"@type":"WebSite","@id":"https:\/\/www.brincaresonhar.com.br\/site\/#website","url":"https:\/\/www.brincaresonhar.com.br\/site\/","name":"Brincar e Sonhar","description":"","publisher":{"@id":"https:\/\/www.brincaresonhar.com.br\/site\/#organization"},"potentialAction":[{"@type":"SearchAction","target":{"@type":"EntryPoint","urlTemplate":"https:\/\/www.brincaresonhar.com.br\/site\/?s={search_term_string}"},"query-input":{"@type":"PropertyValueSpecification","valueRequired":true,"valueName":"search_term_string"}}],"inLanguage":"pt-PT"},{"@type":"Organization","@id":"https:\/\/www.brincaresonhar.com.br\/site\/#organization","name":"Brincar e Sonhar","url":"https:\/\/www.brincaresonhar.com.br\/site\/","logo":{"@type":"ImageObject","inLanguage":"pt-PT","@id":"https:\/\/www.brincaresonhar.com.br\/site\/#\/schema\/logo\/image\/","url":"https:\/\/www.brincaresonhar.com.br\/site\/wp-content\/uploads\/2019\/07\/logo-brincar-vetor_site.jpg","contentUrl":"https:\/\/www.brincaresonhar.com.br\/site\/wp-content\/uploads\/2019\/07\/logo-brincar-vetor_site.jpg","width":595,"height":425,"caption":"Brincar e Sonhar"},"image":{"@id":"https:\/\/www.brincaresonhar.com.br\/site\/#\/schema\/logo\/image\/"},"sameAs":["https:\/\/www.facebook.com\/brincarsonharpark\/","https:\/\/www.instagram.com\/brincaresonharpark\/"]}]}},"_links":{"self":[{"href":"https:\/\/www.brincaresonhar.com.br\/site\/wp-json\/wp\/v2\/pages\/149","targetHints":{"allow":["GET"]}}],"collection":[{"href":"https:\/\/www.brincaresonhar.com.br\/site\/wp-json\/wp\/v2\/pages"}],"about":[{"href":"https:\/\/www.brincaresonhar.com.br\/site\/wp-json\/wp\/v2\/types\/page"}],"author":[{"embeddable":true,"href":"https:\/\/www.brincaresonhar.com.br\/site\/wp-json\/wp\/v2\/users\/1"}],"replies":[{"embeddable":true,"href":"https:\/\/www.brincaresonhar.com.br\/site\/wp-json\/wp\/v2\/comments?post=149"}],"version-history":[{"count":10,"href":"https:\/\/www.brincaresonhar.com.br\/site\/wp-json\/wp\/v2\/pages\/149\/revisions"}],"predecessor-version":[{"id":247,"href":"https:\/\/www.brincaresonhar.com.br\/site\/wp-json\/wp\/v2\/pages\/149\/revisions\/247"}],"wp:attachment":[{"href":"https:\/\/www.brincaresonhar.com.br\/site\/wp-json\/wp\/v2\/media?parent=149"}],"curies":[{"name":"wp","href":"https:\/\/api.w.org\/{rel}","templated":true}]}}